{"id":56,"date":"2024-08-12T20:56:49","date_gmt":"2024-08-12T18:56:49","guid":{"rendered":"https:\/\/akariaec.com\/?page_id=56"},"modified":"2024-08-14T20:30:49","modified_gmt":"2024-08-14T18:30:49","slug":"contactanos","status":"publish","type":"page","link":"https:\/\/akariaec.com\/index.php\/contactanos\/","title":{"rendered":"Cont\u00e1ctanos"},"content":{"rendered":"\n<div class=\"wp-block-group alignfull has-accent-background-color has-background\" style=\"margin-top:0;margin-bottom:0;padding-top:var(--wp--preset--spacing--50);padding-right:var(--wp--preset--spacing--50);padding-bottom:var(--wp--preset--spacing--50);padding-left:var(--wp--preset--spacing--50)\"><div class=\"wp-block-group__inner-container is-layout-constrained wp-container-core-group-is-layout-3 wp-block-group-is-layout-constrained\">\n<div class=\"wp-block-columns alignwide is-layout-flex wp-container-core-columns-is-layout-1 wp-block-columns-is-layout-flex\">\n<div class=\"wp-block-column is-vertically-aligned-stretch is-layout-flow wp-block-column-is-layout-flow\" style=\"flex-basis:50%\">\n<div class=\"wp-block-group is-vertical is-content-justification-stretch is-layout-flex wp-container-core-group-is-layout-2 wp-block-group-is-layout-flex\" style=\"min-height:100%\">\n<p><\/p>\n\n\n\n<p><\/p>\n\n\n\n<p class=\"has-text-align-center has-heading-font-family has-large-font-size\" style=\"line-height:1.2\">Somos Akaria y queremos brindarte asesor\u00eda personalizada para ofrecerte los materiales que necesitas para revestir tus sue\u00f1os.<\/p>\n\n\n\n<div class=\"wp-block-group is-content-justification-left\"><div class=\"wp-block-group__inner-container is-layout-constrained wp-container-core-group-is-layout-1 wp-block-group-is-layout-constrained\">\n<p class=\"wp-container-content-1\">Correo electr\u00f3nico: <a href=\"mailto:psanchezelizalde@akariaec.com\">psanchezelizalde@akariaec.com<\/a><\/p>\n<\/div><\/div>\n<\/div>\n<\/div>\n\n\n\n<div class=\"wp-block-column is-vertically-aligned-center is-layout-flow wp-block-column-is-layout-flow\" style=\"flex-basis:50%\"><div class=\"wp-block-image is-style-default\">\n<figure class=\"aligncenter size-full is-resized\"><img fetchpriority=\"high\" decoding=\"async\" width=\"346\" height=\"405\" src=\"https:\/\/akariaec.com\/wp-content\/uploads\/2024\/08\/logo-nuevo-Akaria-04.png\" alt=\"\" class=\"wp-image-62\" style=\"width:363px;height:auto\" srcset=\"https:\/\/akariaec.com\/wp-content\/uploads\/2024\/08\/logo-nuevo-Akaria-04.png 346w, https:\/\/akariaec.com\/wp-content\/uploads\/2024\/08\/logo-nuevo-Akaria-04-256x300.png 256w\" sizes=\"(max-width: 346px) 100vw, 346px\" \/><\/figure><\/div><\/div>\n<\/div>\n<\/div><\/div>\n\n\n\n<div class=\"wp-block-group alignfull has-accent-5-background-color has-background\" style=\"margin-top:0;margin-bottom:0;padding-top:var(--wp--preset--spacing--50);padding-right:var(--wp--preset--spacing--50);padding-bottom:var(--wp--preset--spacing--50);padding-left:var(--wp--preset--spacing--50)\"><div class=\"wp-block-group__inner-container is-layout-constrained wp-container-core-group-is-layout-4 wp-block-group-is-layout-constrained\">\n<div class=\"wp-block-columns alignwide is-layout-flex wp-container-core-columns-is-layout-2 wp-block-columns-is-layout-flex\">\n<div class=\"wp-block-column is-vertically-aligned-center is-layout-flow wp-block-column-is-layout-flow\" style=\"flex-basis:60%\">\n<iframe src=\"https:\/\/www.google.com\/maps\/embed?pb=!1m18!1m12!1m3!1d3989.8131219602833!2d-78.42647242540045!3d-0.09249009990659691!2m3!1f0!2f0!3f0!3m2!1i1024!2i768!4f13.1!3m3!1m2!1s0x91d58f181249b945%3A0x5bdefb711b921d6e!2sAkaria!5e0!3m2!1ses!2sec!4v1723482513547!5m2!1ses!2sec\" width=\"600\" height=\"450\" style=\"border:0;\" allowfullscreen=\"\" loading=\"lazy\" referrerpolicy=\"no-referrer-when-downgrade\"><\/iframe>\n<\/div>\n\n\n\n<div class=\"wp-block-column is-layout-flow wp-block-column-is-layout-flow\" style=\"flex-basis:40%\">\n<h2 class=\"wp-block-heading\">Ub\u00edcanos y vis\u00edtanos<\/h2>\n\n\n\n<p class=\"has-text-align-center has-medium-font-size\">Obt\u00e9n ubicaci\u00f3n directa en el mapa y acceso a nuestro perfil de empresa en Google.<\/p>\n\n\n\n<div class=\"wp-block-buttons is-layout-flex wp-block-buttons-is-layout-flex\"><\/div>\n<\/div>\n<\/div>\n<\/div><\/div>\n\n\n\n<div class=\"wp-block-group alignfull\" style=\"margin-top:0;margin-bottom:0;padding-top:var(--wp--preset--spacing--50);padding-right:var(--wp--preset--spacing--50);padding-bottom:var(--wp--preset--spacing--50);padding-left:var(--wp--preset--spacing--50)\"><div class=\"wp-block-group__inner-container is-layout-constrained wp-container-core-group-is-layout-5 wp-block-group-is-layout-constrained\">\n<div class=\"wp-block-columns alignwide are-vertically-aligned-center is-layout-flex wp-container-core-columns-is-layout-3 wp-block-columns-is-layout-flex\">\n<div class=\"wp-block-column is-vertically-aligned-center is-layout-flow wp-block-column-is-layout-flow\" style=\"flex-basis:50%\">\n<h2 class=\"wp-block-heading\">Agrega nuestro contacto con un solo click<\/h2>\n\n\n\n<ul style=\"line-height:1.75\" class=\"wp-block-list is-style-checkmark-list\">\n<li>Conoce m\u00e1s acerca de Akaria.<\/li>\n\n\n\n<li>Acceso a nuestras redes sociales.<\/li>\n\n\n\n<li>Agrega toda nuestra info.<\/li>\n<\/ul>\n\n\n\n<div class=\"wp-block-buttons is-layout-flex wp-block-buttons-is-layout-flex\">\n<div class=\"wp-block-button is-style-outline is-style-outline--1\"><a class=\"wp-block-button__link wp-element-button\" href=\"http:\/\/linko.page\/sbc27tv6koab\">Agregar Contacto<\/a><\/div>\n<\/div>\n<\/div>\n\n\n\n<div class=\"wp-block-column is-vertically-aligned-center is-layout-flow wp-block-column-is-layout-flow\" style=\"flex-basis:50%\">\n<figure class=\"wp-block-image size-full is-style-rounded\"><img decoding=\"async\" width=\"1827\" height=\"1834\" src=\"https:\/\/akariaec.com\/wp-content\/uploads\/2024\/08\/contacto-AKARIA-web-08.png\" alt=\"\" class=\"wp-image-69\" style=\"aspect-ratio:4\/3;object-fit:cover\" srcset=\"https:\/\/akariaec.com\/wp-content\/uploads\/2024\/08\/contacto-AKARIA-web-08.png 1827w, https:\/\/akariaec.com\/wp-content\/uploads\/2024\/08\/contacto-AKARIA-web-08-300x300.png 300w, https:\/\/akariaec.com\/wp-content\/uploads\/2024\/08\/contacto-AKARIA-web-08-1020x1024.png 1020w, https:\/\/akariaec.com\/wp-content\/uploads\/2024\/08\/contacto-AKARIA-web-08-150x150.png 150w, https:\/\/akariaec.com\/wp-content\/uploads\/2024\/08\/contacto-AKARIA-web-08-768x771.png 768w, https:\/\/akariaec.com\/wp-content\/uploads\/2024\/08\/contacto-AKARIA-web-08-1530x1536.png 1530w, https:\/\/akariaec.com\/wp-content\/uploads\/2024\/08\/contacto-AKARIA-web-08-600x602.png 600w, https:\/\/akariaec.com\/wp-content\/uploads\/2024\/08\/contacto-AKARIA-web-08-100x100.png 100w\" sizes=\"(max-width: 1827px) 100vw, 1827px\" \/><\/figure>\n<\/div>\n<\/div>\n<\/div><\/div>\n","protected":false},"excerpt":{"rendered":"<p>Somos Akaria y queremos brindarte asesor\u00eda personalizada para ofrecerte los materiales que necesitas para revestir tus sue\u00f1os. Correo electr\u00f3nico: psanchezelizalde@akariaec.com Ub\u00edcanos y vis\u00edtanos Obt\u00e9n ubicaci\u00f3n directa en el mapa y acceso a nuestro perfil de empresa en Google. Agrega nuestro contacto con un solo click<\/p>\n","protected":false},"author":1,"featured_media":0,"parent":0,"menu_order":0,"comment_status":"closed","ping_status":"closed","template":"","meta":{"_monsterinsights_skip_tracking":false,"_monsterinsights_sitenote_active":false,"_monsterinsights_sitenote_note":"","_monsterinsights_sitenote_category":0,"footnotes":""},"class_list":["post-56","page","type-page","status-publish","hentry"],"aioseo_notices":[],"_links":{"self":[{"href":"https:\/\/akariaec.com\/index.php\/wp-json\/wp\/v2\/pages\/56","targetHints":{"allow":["GET"]}}],"collection":[{"href":"https:\/\/akariaec.com\/index.php\/wp-json\/wp\/v2\/pages"}],"about":[{"href":"https:\/\/akariaec.com\/index.php\/wp-json\/wp\/v2\/types\/page"}],"author":[{"embeddable":true,"href":"https:\/\/akariaec.com\/index.php\/wp-json\/wp\/v2\/users\/1"}],"replies":[{"embeddable":true,"href":"https:\/\/akariaec.com\/index.php\/wp-json\/wp\/v2\/comments?post=56"}],"version-history":[{"count":12,"href":"https:\/\/akariaec.com\/index.php\/wp-json\/wp\/v2\/pages\/56\/revisions"}],"predecessor-version":[{"id":132,"href":"https:\/\/akariaec.com\/index.php\/wp-json\/wp\/v2\/pages\/56\/revisions\/132"}],"wp:attachment":[{"href":"https:\/\/akariaec.com\/index.php\/wp-json\/wp\/v2\/media?parent=56"}],"curies":[{"name":"wp","href":"https:\/\/api.w.org\/{rel}","templated":true}]}}