{"id":12,"date":"2024-03-31T18:47:19","date_gmt":"2024-03-31T16:47:19","guid":{"rendered":"https:\/\/akariaec.com\/?page_id=12"},"modified":"2024-08-14T20:47:05","modified_gmt":"2024-08-14T18:47:05","slug":"quienes-somos","status":"publish","type":"page","link":"https:\/\/akariaec.com\/index.php\/quienes-somos\/","title":{"rendered":"Quienes somos"},"content":{"rendered":"\t\t<div data-elementor-type=\"wp-page\" data-elementor-id=\"12\" class=\"elementor elementor-12\">\n\t\t\t\t<div class=\"elementor-element elementor-element-67aaa00 e-flex e-con-boxed e-con e-parent\" data-id=\"67aaa00\" data-element_type=\"container\">\n\t\t\t\t\t<div class=\"e-con-inner\">\n\t\t<div class=\"elementor-element elementor-element-2102662 e-con-full e-flex e-con e-child\" data-id=\"2102662\" data-element_type=\"container\">\n\t\t\t\t<div class=\"elementor-element elementor-element-31ed8ff elementor-widget elementor-widget-heading\" data-id=\"31ed8ff\" data-element_type=\"widget\" data-widget_type=\"heading.default\">\n\t\t\t\t<div class=\"elementor-widget-container\">\n\t\t\t\t\t<h2 class=\"elementor-heading-title elementor-size-default\">Somos Akaria<\/h2>\t\t\t\t<\/div>\n\t\t\t\t<\/div>\n\t\t\t\t<div class=\"elementor-element elementor-element-25a8055 elementor-widget elementor-widget-text-editor\" data-id=\"25a8055\" data-element_type=\"widget\" data-widget_type=\"text-editor.default\">\n\t\t\t\t<div class=\"elementor-widget-container\">\n\t\t\t\t\t\t\t\t\t<p style=\"text-align: center;\">Somos importadores y distribuidores directos de acabados para la construcci\u00f3n y decoraci\u00f3n. Importaci\u00f3n y distribuci\u00f3n de cuarzo, granito, porcel\u00e1nicos, pisos flotantes, PVC y Krion. Asesor\u00eda t\u00e9cnica y profesional.<\/p>\t\t\t\t\t\t\t\t<\/div>\n\t\t\t\t<\/div>\n\t\t\t\t<\/div>\n\t\t<div class=\"elementor-element elementor-element-e877675 e-con-full e-flex e-con e-child\" data-id=\"e877675\" data-element_type=\"container\">\n\t\t\t\t<div class=\"elementor-element elementor-element-aaf0779 elementor-widget elementor-widget-video\" data-id=\"aaf0779\" data-element_type=\"widget\" data-settings=\"{&quot;youtube_url&quot;:&quot;https:\\\/\\\/www.youtube.com\\\/watch?v=G3CAzcMenVE&quot;,&quot;autoplay&quot;:&quot;yes&quot;,&quot;play_on_mobile&quot;:&quot;yes&quot;,&quot;video_type&quot;:&quot;youtube&quot;,&quot;controls&quot;:&quot;yes&quot;}\" data-widget_type=\"video.default\">\n\t\t\t\t<div class=\"elementor-widget-container\">\n\t\t\t\t\t\t\t<div class=\"elementor-wrapper elementor-open-inline\">\n\t\t\t<div class=\"elementor-video\"><\/div>\t\t<\/div>\n\t\t\t\t\t\t<\/div>\n\t\t\t\t<\/div>\n\t\t\t\t<\/div>\n\t\t\t\t\t<\/div>\n\t\t\t\t<\/div>\n\t\t\t\t<\/div>\n\t\t","protected":false},"excerpt":{"rendered":"<p>Somos Akaria Somos importadores y distribuidores directos de acabados para la construcci\u00f3n y decoraci\u00f3n. Importaci\u00f3n y distribuci\u00f3n de cuarzo, granito, porcel\u00e1nicos, pisos flotantes, PVC y Krion. Asesor\u00eda t\u00e9cnica y profesional. https:\/\/www.youtube.com\/watch?v=G3CAzcMenVE<\/p>\n","protected":false},"author":1,"featured_media":0,"parent":0,"menu_order":0,"comment_status":"closed","ping_status":"closed","template":"","meta":{"_monsterinsights_skip_tracking":false,"_monsterinsights_sitenote_active":false,"_monsterinsights_sitenote_note":"","_monsterinsights_sitenote_category":0,"footnotes":""},"class_list":["post-12","page","type-page","status-publish","hentry"],"aioseo_notices":[],"_links":{"self":[{"href":"https:\/\/akariaec.com\/index.php\/wp-json\/wp\/v2\/pages\/12","targetHints":{"allow":["GET"]}}],"collection":[{"href":"https:\/\/akariaec.com\/index.php\/wp-json\/wp\/v2\/pages"}],"about":[{"href":"https:\/\/akariaec.com\/index.php\/wp-json\/wp\/v2\/types\/page"}],"author":[{"embeddable":true,"href":"https:\/\/akariaec.com\/index.php\/wp-json\/wp\/v2\/users\/1"}],"replies":[{"embeddable":true,"href":"https:\/\/akariaec.com\/index.php\/wp-json\/wp\/v2\/comments?post=12"}],"version-history":[{"count":19,"href":"https:\/\/akariaec.com\/index.php\/wp-json\/wp\/v2\/pages\/12\/revisions"}],"predecessor-version":[{"id":138,"href":"https:\/\/akariaec.com\/index.php\/wp-json\/wp\/v2\/pages\/12\/revisions\/138"}],"wp:attachment":[{"href":"https:\/\/akariaec.com\/index.php\/wp-json\/wp\/v2\/media?parent=12"}],"curies":[{"name":"wp","href":"https:\/\/api.w.org\/{rel}","templated":true}]}}